{"id":38,"date":"2022-02-25T17:33:01","date_gmt":"2022-02-25T17:33:01","guid":{"rendered":"http:\/\/larbomabrigo.org\/wfe\/about-us\/"},"modified":"2022-06-09T12:28:03","modified_gmt":"2022-06-09T12:28:03","slug":"sobre-nos","status":"publish","type":"page","link":"https:\/\/larbomabrigo.org\/wfe\/sobre-nos\/","title":{"rendered":"Sobre n\u00f3s"},"content":{"rendered":"<div class=\"wp-block-image\">\n<figure class=\"alignleft size-full is-resized\"><img loading=\"lazy\" decoding=\"async\" src=\"https:\/\/larbomabrigo.org\/wfe\/wp-content\/uploads\/2022\/03\/lar-bom-abrigo.png\" alt=\"\" class=\"wp-image-321\" width=\"375\" height=\"250\" srcset=\"https:\/\/larbomabrigo.org\/wfe\/wp-content\/uploads\/2022\/03\/lar-bom-abrigo.png 900w, https:\/\/larbomabrigo.org\/wfe\/wp-content\/uploads\/2022\/03\/lar-bom-abrigo-768x512.png 768w\" sizes=\"auto, (max-width: 375px) 100vw, 375px\" \/><\/figure>\n<\/div>\n\n\n<p>\u00c9 uma entidade que presta atendimento a crian\u00e7a e adolescente em regime de acolhimento institucional, as crian\u00e7as e adolescentes s\u00e3o encaminhadas para esta entidade por determina\u00e7\u00e3o do Juizado da Inf\u00e2ncia e Juventude, al\u00e9m de participarem da escola secular, e terem todo o atendimento que prev\u00ea o ECA, dentro do Lar, eles participam de Projetos e atividades diversas.<\/p>\n\n\n\n<p><br>Dentre as atividades ministradas \u00e0s crian\u00e7as e adolescentes no \u00e2mbito interno, destacamos: orienta\u00e7\u00e3o aos cuidados pessoais, culin\u00e1ria, aulas de inform\u00e1tica, atividades de artesanato com \u00eanfase em materiais reciclados. Orienta\u00e7\u00e3o \u00e0 produ\u00e7\u00e3o e cultivo de hortali\u00e7as atrav\u00e9s da hidroponia. Atividades culturais como canto, m\u00fasica, teatro e coreografia. No per\u00edodo de f\u00e9rias escolares com o apoio financeiro da  comunidade, s\u00e3o elaboradas pela equipe t\u00e9cnica e colaboradores atividades internas de recrea\u00e7\u00e3o, bem como viagem de passeio. <\/p>\n\n\n\n<p>No decorrer da hist\u00f3ria do Lar, temos presenciado crian\u00e7as e adolescentes que deixaram a casa, uns adotados e outros retornaram as fam\u00edlias de origem. Os que necessitam permanecer na entidade at\u00e9 a maior idade s\u00e3o encaminhados ao mercado de trabalho e auxiliados nas quest\u00f5es de local para morar; quando necess\u00e1rio o Lar busca junto a comunidade doa\u00e7\u00f5es de m\u00f3veis e utens\u00edlios para que o acolhido tenha sua independ\u00eancia. Por vezes os mesmos visitam a entidade e a maioria deles tem seus trabalhos e est\u00e3o bem sucedidos, inclusive alguns retribuem com doa\u00e7\u00f5es e articula\u00e7\u00e3o junto \u00e0 comunidade local.<\/p>\n\n\n\n<p><br>O Lar Bom Abrigo se mant\u00e9m atrav\u00e9s de diversas parcerias, mas principalmente de doa\u00e7\u00f5es da comunidade. Acolha Cora\u00e7\u00f5es voc\u00ea tamb\u00e9m fazendo a sua doa\u00e7\u00e3o.<\/p>\n","protected":false},"excerpt":{"rendered":"<p>\u00c9 uma entidade que presta atendimento a crian\u00e7a e adolescente em regime de acolhimento institucional, as crian\u00e7as e adolescentes s\u00e3o encaminhadas para esta entidade por determina\u00e7\u00e3o do Juizado da Inf\u00e2ncia e Juventude, al\u00e9m de participarem da escola secular, e terem todo o atendimento que prev\u00ea o ECA, dentro do Lar, eles participam de Projetos e [&hellip;]<\/p>\n","protected":false},"author":1,"featured_media":321,"parent":0,"menu_order":0,"comment_status":"closed","ping_status":"closed","template":"","meta":{"footnotes":""},"class_list":["post-38","page","type-page","status-publish","has-post-thumbnail","hentry"],"rttpg_featured_image_url":{"full":["https:\/\/larbomabrigo.org\/wfe\/wp-content\/uploads\/2022\/03\/lar-bom-abrigo.png",900,600,false],"landscape":["https:\/\/larbomabrigo.org\/wfe\/wp-content\/uploads\/2022\/03\/lar-bom-abrigo.png",900,600,false],"portraits":["https:\/\/larbomabrigo.org\/wfe\/wp-content\/uploads\/2022\/03\/lar-bom-abrigo.png",900,600,false],"thumbnail":["https:\/\/larbomabrigo.org\/wfe\/wp-content\/uploads\/2022\/03\/lar-bom-abrigo-300x300.png",300,300,true],"medium":["https:\/\/larbomabrigo.org\/wfe\/wp-content\/uploads\/2022\/03\/lar-bom-abrigo.png",900,600,false],"large":["https:\/\/larbomabrigo.org\/wfe\/wp-content\/uploads\/2022\/03\/lar-bom-abrigo.png",900,600,false],"rpg_gallery_admin_thumb":["https:\/\/larbomabrigo.org\/wfe\/wp-content\/uploads\/2022\/03\/lar-bom-abrigo-150x150.png",150,150,true],"rpg_gallery_thumb":["https:\/\/larbomabrigo.org\/wfe\/wp-content\/uploads\/2022\/03\/lar-bom-abrigo-150x150.png",150,150,true],"1536x1536":["https:\/\/larbomabrigo.org\/wfe\/wp-content\/uploads\/2022\/03\/lar-bom-abrigo.png",900,600,false],"2048x2048":["https:\/\/larbomabrigo.org\/wfe\/wp-content\/uploads\/2022\/03\/lar-bom-abrigo.png",900,600,false]},"rttpg_author":{"display_name":"larbom","author_link":"https:\/\/larbomabrigo.org\/wfe\/author\/larbom\/"},"rttpg_comment":0,"rttpg_category":null,"rttpg_excerpt":"\u00c9 uma entidade que presta atendimento a crian\u00e7a e adolescente em regime de acolhimento institucional, as crian\u00e7as e adolescentes s\u00e3o encaminhadas para esta entidade por determina\u00e7\u00e3o do Juizado da Inf\u00e2ncia e Juventude, al\u00e9m de participarem da escola secular, e terem todo o atendimento que prev\u00ea o ECA, dentro do Lar, eles participam de Projetos e&hellip;","_links":{"self":[{"href":"https:\/\/larbomabrigo.org\/wfe\/wp-json\/wp\/v2\/pages\/38","targetHints":{"allow":["GET"]}}],"collection":[{"href":"https:\/\/larbomabrigo.org\/wfe\/wp-json\/wp\/v2\/pages"}],"about":[{"href":"https:\/\/larbomabrigo.org\/wfe\/wp-json\/wp\/v2\/types\/page"}],"author":[{"embeddable":true,"href":"https:\/\/larbomabrigo.org\/wfe\/wp-json\/wp\/v2\/users\/1"}],"replies":[{"embeddable":true,"href":"https:\/\/larbomabrigo.org\/wfe\/wp-json\/wp\/v2\/comments?post=38"}],"version-history":[{"count":8,"href":"https:\/\/larbomabrigo.org\/wfe\/wp-json\/wp\/v2\/pages\/38\/revisions"}],"predecessor-version":[{"id":334,"href":"https:\/\/larbomabrigo.org\/wfe\/wp-json\/wp\/v2\/pages\/38\/revisions\/334"}],"wp:featuredmedia":[{"embeddable":true,"href":"https:\/\/larbomabrigo.org\/wfe\/wp-json\/wp\/v2\/media\/321"}],"wp:attachment":[{"href":"https:\/\/larbomabrigo.org\/wfe\/wp-json\/wp\/v2\/media?parent=38"}],"curies":[{"name":"wp","href":"https:\/\/api.w.org\/{rel}","templated":true}]}}