{"id":37,"date":"2022-02-25T17:33:01","date_gmt":"2022-02-25T17:33:01","guid":{"rendered":"http:\/\/larbomabrigo.org\/wfe\/services\/"},"modified":"2022-03-15T11:09:24","modified_gmt":"2022-03-15T11:09:24","slug":"projetos","status":"publish","type":"page","link":"https:\/\/larbomabrigo.org\/wfe\/projetos\/","title":{"rendered":"PROJETOS"},"content":{"rendered":"<ul class=\"wp-block-latest-posts__list is-grid columns-2 wp-block-latest-posts\"><li><div class=\"wp-block-latest-posts__featured-image aligncenter\"><a href=\"https:\/\/larbomabrigo.org\/wfe\/a-gordura-que-faz-bem-ao-coracao-%e2%99%a5\/\" aria-label=\"A gordura que faz bem ao Cora\u00e7\u00e3o \u2665\"><img loading=\"lazy\" decoding=\"async\" width=\"960\" height=\"729\" src=\"https:\/\/larbomabrigo.org\/wfe\/wp-content\/uploads\/2022\/03\/projeto-gordura-e1646127058741.png\" class=\"attachment-medium size-medium wp-post-image\" alt=\"\" style=\"\" srcset=\"https:\/\/larbomabrigo.org\/wfe\/wp-content\/uploads\/2022\/03\/projeto-gordura-e1646127058741.png 960w, https:\/\/larbomabrigo.org\/wfe\/wp-content\/uploads\/2022\/03\/projeto-gordura-e1646127058741-768x583.png 768w\" sizes=\"auto, (max-width: 960px) 100vw, 960px\" \/><\/a><\/div><a class=\"wp-block-latest-posts__post-title\" href=\"https:\/\/larbomabrigo.org\/wfe\/a-gordura-que-faz-bem-ao-coracao-%e2%99%a5\/\">A gordura que faz bem ao Cora\u00e7\u00e3o \u2665<\/a><div class=\"wp-block-latest-posts__post-excerpt\">Voc\u00ea j\u00e1 conhece o nosso Projeto: A Gordura que faz bem ao Cora\u00e7\u00e3o? O Lar Bom Abrigo \u00e9 um Ecoponto de recebimento de gordura\u2026 <a class=\"wp-block-latest-posts__read-more\" href=\"https:\/\/larbomabrigo.org\/wfe\/a-gordura-que-faz-bem-ao-coracao-%e2%99%a5\/\" rel=\"noopener noreferrer\">Leia mais<span class=\"screen-reader-text\">: A gordura que faz bem ao Cora\u00e7\u00e3o \u2665<\/span><\/a><\/div><\/li>\n<li><div class=\"wp-block-latest-posts__featured-image aligncenter\"><a href=\"https:\/\/larbomabrigo.org\/wfe\/padrinhos-e-madrinhas-do-lar\/\" aria-label=\"Padrinhos e Madrinhas do Lar\"><img loading=\"lazy\" decoding=\"async\" width=\"679\" height=\"672\" src=\"https:\/\/larbomabrigo.org\/wfe\/wp-content\/uploads\/2022\/02\/padrinhos-e1646127642850.jpg\" class=\"attachment-medium size-medium wp-post-image\" alt=\"\" style=\"\" \/><\/a><\/div><a class=\"wp-block-latest-posts__post-title\" href=\"https:\/\/larbomabrigo.org\/wfe\/padrinhos-e-madrinhas-do-lar\/\">Padrinhos e Madrinhas do Lar<\/a><div class=\"wp-block-latest-posts__post-excerpt\">Adote o Lar Bom Abrigo e acolha cora\u00e7\u00f5es atrav\u00e9s de sua contribui\u00e7\u00e3o mensal. Assim voc\u00ea ajuda a manter nossa institui\u00e7\u00e3o que h\u00e1 60 anos\u2026 <a class=\"wp-block-latest-posts__read-more\" href=\"https:\/\/larbomabrigo.org\/wfe\/padrinhos-e-madrinhas-do-lar\/\" rel=\"noopener noreferrer\">Leia mais<span class=\"screen-reader-text\">: Padrinhos e Madrinhas do Lar<\/span><\/a><\/div><\/li>\n<li><div class=\"wp-block-latest-posts__featured-image aligncenter\"><a href=\"https:\/\/larbomabrigo.org\/wfe\/nota-fiscal-gaucha\/\" aria-label=\"Nota Fiscal Ga\u00facha\"><img loading=\"lazy\" decoding=\"async\" width=\"794\" height=\"513\" src=\"https:\/\/larbomabrigo.org\/wfe\/wp-content\/uploads\/2022\/02\/notafiscal-e1646127964161.png\" class=\"attachment-medium size-medium wp-post-image\" alt=\"\" style=\"\" srcset=\"https:\/\/larbomabrigo.org\/wfe\/wp-content\/uploads\/2022\/02\/notafiscal-e1646127964161.png 794w, https:\/\/larbomabrigo.org\/wfe\/wp-content\/uploads\/2022\/02\/notafiscal-e1646127964161-768x496.png 768w\" sizes=\"auto, (max-width: 794px) 100vw, 794px\" \/><\/a><\/div><a class=\"wp-block-latest-posts__post-title\" href=\"https:\/\/larbomabrigo.org\/wfe\/nota-fiscal-gaucha\/\">Nota Fiscal Ga\u00facha<\/a><div class=\"wp-block-latest-posts__post-excerpt\">Voc\u00ea j\u00e1 pensou em entrar para o programa nota fiscal ga\u00facha com seu cpf mas n\u00e3o entendeu bem como isso funciona? Aqui voc\u00ea encontra\u2026 <a class=\"wp-block-latest-posts__read-more\" href=\"https:\/\/larbomabrigo.org\/wfe\/nota-fiscal-gaucha\/\" rel=\"noopener noreferrer\">Leia mais<span class=\"screen-reader-text\">: Nota Fiscal Ga\u00facha<\/span><\/a><\/div><\/li>\n<li><div class=\"wp-block-latest-posts__featured-image aligncenter\"><a href=\"https:\/\/larbomabrigo.org\/wfe\/manutencao-de-vinculos-familiares\/\" aria-label=\"Manuten\u00e7\u00e3o de v\u00ednculos familiares\"><img loading=\"lazy\" decoding=\"async\" width=\"500\" height=\"366\" src=\"https:\/\/larbomabrigo.org\/wfe\/wp-content\/uploads\/2022\/02\/familia-com-criancas.jpg\" class=\"attachment-medium size-medium wp-post-image\" alt=\"\" style=\"\" \/><\/a><\/div><a class=\"wp-block-latest-posts__post-title\" href=\"https:\/\/larbomabrigo.org\/wfe\/manutencao-de-vinculos-familiares\/\">Manuten\u00e7\u00e3o de v\u00ednculos familiares<\/a><div class=\"wp-block-latest-posts__post-excerpt\">A visita\u00e7\u00e3o pela fam\u00edlia natural e ampliada \u00e9 oportunizada pela Institui\u00e7\u00e3o a fim de manter v\u00ednculos importantes com as origens de cada abrigado. Para\u2026 <a class=\"wp-block-latest-posts__read-more\" href=\"https:\/\/larbomabrigo.org\/wfe\/manutencao-de-vinculos-familiares\/\" rel=\"noopener noreferrer\">Leia mais<span class=\"screen-reader-text\">: Manuten\u00e7\u00e3o de v\u00ednculos familiares<\/span><\/a><\/div><\/li>\n<\/ul>","protected":false},"excerpt":{"rendered":"","protected":false},"author":1,"featured_media":323,"parent":0,"menu_order":0,"comment_status":"closed","ping_status":"closed","template":"","meta":{"footnotes":""},"class_list":["post-37","page","type-page","status-publish","has-post-thumbnail","hentry"],"rttpg_featured_image_url":{"full":["https:\/\/larbomabrigo.org\/wfe\/wp-content\/uploads\/2022\/03\/projetos-lar.png",900,600,false],"landscape":["https:\/\/larbomabrigo.org\/wfe\/wp-content\/uploads\/2022\/03\/projetos-lar.png",900,600,false],"portraits":["https:\/\/larbomabrigo.org\/wfe\/wp-content\/uploads\/2022\/03\/projetos-lar.png",900,600,false],"thumbnail":["https:\/\/larbomabrigo.org\/wfe\/wp-content\/uploads\/2022\/03\/projetos-lar-300x300.png",300,300,true],"medium":["https:\/\/larbomabrigo.org\/wfe\/wp-content\/uploads\/2022\/03\/projetos-lar.png",900,600,false],"large":["https:\/\/larbomabrigo.org\/wfe\/wp-content\/uploads\/2022\/03\/projetos-lar.png",900,600,false],"rpg_gallery_admin_thumb":["https:\/\/larbomabrigo.org\/wfe\/wp-content\/uploads\/2022\/03\/projetos-lar-150x150.png",150,150,true],"rpg_gallery_thumb":["https:\/\/larbomabrigo.org\/wfe\/wp-content\/uploads\/2022\/03\/projetos-lar-150x150.png",150,150,true],"1536x1536":["https:\/\/larbomabrigo.org\/wfe\/wp-content\/uploads\/2022\/03\/projetos-lar.png",900,600,false],"2048x2048":["https:\/\/larbomabrigo.org\/wfe\/wp-content\/uploads\/2022\/03\/projetos-lar.png",900,600,false]},"rttpg_author":{"display_name":"larbom","author_link":"https:\/\/larbomabrigo.org\/wfe\/author\/larbom\/"},"rttpg_comment":0,"rttpg_category":null,"rttpg_excerpt":null,"_links":{"self":[{"href":"https:\/\/larbomabrigo.org\/wfe\/wp-json\/wp\/v2\/pages\/37","targetHints":{"allow":["GET"]}}],"collection":[{"href":"https:\/\/larbomabrigo.org\/wfe\/wp-json\/wp\/v2\/pages"}],"about":[{"href":"https:\/\/larbomabrigo.org\/wfe\/wp-json\/wp\/v2\/types\/page"}],"author":[{"embeddable":true,"href":"https:\/\/larbomabrigo.org\/wfe\/wp-json\/wp\/v2\/users\/1"}],"replies":[{"embeddable":true,"href":"https:\/\/larbomabrigo.org\/wfe\/wp-json\/wp\/v2\/comments?post=37"}],"version-history":[{"count":6,"href":"https:\/\/larbomabrigo.org\/wfe\/wp-json\/wp\/v2\/pages\/37\/revisions"}],"predecessor-version":[{"id":300,"href":"https:\/\/larbomabrigo.org\/wfe\/wp-json\/wp\/v2\/pages\/37\/revisions\/300"}],"wp:featuredmedia":[{"embeddable":true,"href":"https:\/\/larbomabrigo.org\/wfe\/wp-json\/wp\/v2\/media\/323"}],"wp:attachment":[{"href":"https:\/\/larbomabrigo.org\/wfe\/wp-json\/wp\/v2\/media?parent=37"}],"curies":[{"name":"wp","href":"https:\/\/api.w.org\/{rel}","templated":true}]}}