{"id":192,"date":"2022-03-01T09:56:28","date_gmt":"2022-03-01T09:56:28","guid":{"rendered":"http:\/\/larbomabrigo.org\/wfe\/?page_id=192"},"modified":"2022-03-10T12:29:28","modified_gmt":"2022-03-10T12:29:28","slug":"doacoes","status":"publish","type":"page","link":"https:\/\/larbomabrigo.org\/wfe\/doacoes\/","title":{"rendered":"Doa\u00e7\u00f5es"},"content":{"rendered":"\n<div class=\"wp-block-image is-style-rounded\"><figure class=\"alignleft size-full is-resized\"><img loading=\"lazy\" decoding=\"async\" src=\"https:\/\/larbomabrigo.org\/wfe\/wp-content\/uploads\/2022\/03\/doar.png\" alt=\"\" class=\"wp-image-200\" width=\"371\" height=\"154\"\/><\/figure><\/div>\n\n\n\n<p>Voc\u00ea pode acolher cora\u00e7\u00f5es!<br>Colabore depositando nas seguintes contas banc\u00e1rias:<\/p>\n\n\n\n<div class=\"wp-block-columns is-layout-flex wp-container-core-columns-is-layout-9d6595d7 wp-block-columns-is-layout-flex\">\n<div class=\"wp-block-column is-layout-flow wp-block-column-is-layout-flow\">\n<p><strong>Sicredi<\/strong><br><strong>AG:<\/strong> 0361<br><strong>Conta Corrente:<\/strong> 808768<\/p>\n\n\n\n<p><\/p>\n<\/div>\n\n\n\n<div class=\"wp-block-column is-layout-flow wp-block-column-is-layout-flow\">\n<p><strong>Banrisul:<br>AG:<\/strong> 0220<br><strong>Conta Corretente: <\/strong>06 004 110 06<\/p>\n<\/div>\n<\/div>\n\n\n\n<div class=\"wp-block-columns is-layout-flex wp-container-core-columns-is-layout-9d6595d7 wp-block-columns-is-layout-flex\">\n<div class=\"wp-block-column is-layout-flow wp-block-column-is-layout-flow\">\n<p class=\"has-text-align-right\"><strong>Chave pix: <\/strong>larbomabrigo@gmail.com<\/p>\n<\/div>\n<\/div>\n\n\n\n<p class=\"has-text-align-center\"><br><br>Ou ainda voc\u00ea pode entrar em contato:<br>Fone: <strong>55 3332.6912<\/strong><br>E-mail: <strong>larbomabrigo@gmail.com<\/strong><\/p>\n","protected":false},"excerpt":{"rendered":"<p>Voc\u00ea pode acolher cora\u00e7\u00f5es!Colabore depositando nas seguintes contas banc\u00e1rias: SicrediAG: 0361Conta Corrente: 808768 Banrisul:AG: 0220Conta Corretente: 06 004 110 06 Chave pix: larbomabrigo@gmail.com Ou ainda voc\u00ea pode entrar em contato:Fone: 55 3332.6912E-mail: larbomabrigo@gmail.com<\/p>\n","protected":false},"author":1,"featured_media":200,"parent":0,"menu_order":0,"comment_status":"closed","ping_status":"closed","template":"","meta":{"footnotes":""},"class_list":["post-192","page","type-page","status-publish","has-post-thumbnail","hentry"],"rttpg_featured_image_url":{"full":["https:\/\/larbomabrigo.org\/wfe\/wp-content\/uploads\/2022\/03\/doar.png",400,166,false],"landscape":["https:\/\/larbomabrigo.org\/wfe\/wp-content\/uploads\/2022\/03\/doar.png",400,166,false],"portraits":["https:\/\/larbomabrigo.org\/wfe\/wp-content\/uploads\/2022\/03\/doar.png",400,166,false],"thumbnail":["https:\/\/larbomabrigo.org\/wfe\/wp-content\/uploads\/2022\/03\/doar-300x166.png",300,166,true],"medium":["https:\/\/larbomabrigo.org\/wfe\/wp-content\/uploads\/2022\/03\/doar.png",400,166,false],"large":["https:\/\/larbomabrigo.org\/wfe\/wp-content\/uploads\/2022\/03\/doar.png",400,166,false],"rpg_gallery_admin_thumb":["https:\/\/larbomabrigo.org\/wfe\/wp-content\/uploads\/2022\/03\/doar-150x150.png",150,150,true],"rpg_gallery_thumb":["https:\/\/larbomabrigo.org\/wfe\/wp-content\/uploads\/2022\/03\/doar-150x150.png",150,150,true],"1536x1536":["https:\/\/larbomabrigo.org\/wfe\/wp-content\/uploads\/2022\/03\/doar.png",400,166,false],"2048x2048":["https:\/\/larbomabrigo.org\/wfe\/wp-content\/uploads\/2022\/03\/doar.png",400,166,false]},"rttpg_author":{"display_name":"larbom","author_link":"https:\/\/larbomabrigo.org\/wfe\/author\/larbom\/"},"rttpg_comment":0,"rttpg_category":null,"rttpg_excerpt":"Voc\u00ea pode acolher cora\u00e7\u00f5es!Colabore depositando nas seguintes contas banc\u00e1rias: SicrediAG: 0361Conta Corrente: 808768 Banrisul:AG: 0220Conta Corretente: 06 004 110 06 Chave pix: larbomabrigo@gmail.com Ou ainda voc\u00ea pode entrar em contato:Fone: 55 3332.6912E-mail: larbomabrigo@gmail.com","_links":{"self":[{"href":"https:\/\/larbomabrigo.org\/wfe\/wp-json\/wp\/v2\/pages\/192","targetHints":{"allow":["GET"]}}],"collection":[{"href":"https:\/\/larbomabrigo.org\/wfe\/wp-json\/wp\/v2\/pages"}],"about":[{"href":"https:\/\/larbomabrigo.org\/wfe\/wp-json\/wp\/v2\/types\/page"}],"author":[{"embeddable":true,"href":"https:\/\/larbomabrigo.org\/wfe\/wp-json\/wp\/v2\/users\/1"}],"replies":[{"embeddable":true,"href":"https:\/\/larbomabrigo.org\/wfe\/wp-json\/wp\/v2\/comments?post=192"}],"version-history":[{"count":7,"href":"https:\/\/larbomabrigo.org\/wfe\/wp-json\/wp\/v2\/pages\/192\/revisions"}],"predecessor-version":[{"id":269,"href":"https:\/\/larbomabrigo.org\/wfe\/wp-json\/wp\/v2\/pages\/192\/revisions\/269"}],"wp:featuredmedia":[{"embeddable":true,"href":"https:\/\/larbomabrigo.org\/wfe\/wp-json\/wp\/v2\/media\/200"}],"wp:attachment":[{"href":"https:\/\/larbomabrigo.org\/wfe\/wp-json\/wp\/v2\/media?parent=192"}],"curies":[{"name":"wp","href":"https:\/\/api.w.org\/{rel}","templated":true}]}}