{"id":153,"date":"2022-02-28T22:23:24","date_gmt":"2022-02-28T22:23:24","guid":{"rendered":"http:\/\/larbomabrigo.org\/wfe\/?page_id=153"},"modified":"2023-04-25T18:24:24","modified_gmt":"2023-04-25T18:24:24","slug":"diretoria","status":"publish","type":"page","link":"https:\/\/larbomabrigo.org\/wfe\/diretoria\/","title":{"rendered":"DIRETORIA"},"content":{"rendered":"\n<h2 class=\"wp-block-heading\">DIRETORIA ATUAL<\/h2>\n\n\n\n<p><\/p>\n\n\n\n<p><strong>Presidente:<\/strong> Isa\u00edas da Silva<br><strong>Vice-Presidente:<\/strong> Felipe Ballejo dos Reis<br><strong>Secret\u00e1rio:<\/strong> Marlise Teresinha Seibert Pauli<br><strong>Vice Secret\u00e1rio: <\/strong>Lucia da Silva Zuanazzi<br><strong>Tesoureiro: <\/strong>Claudiomiro Diniz<br><strong>Vice Tesoureiro: <\/strong>No\u00eamia Mendes da Silva<\/p>\n\n\n\n<p><strong><em>Conselho Fiscal:<\/em><\/strong><br><strong>Membros titulares:<\/strong> <br>Adilson Jac\u00f3 Pauli<br>Lucas Souza dos Santos<br>Herberto Walter dos Santos<\/p>\n\n\n\n<p><strong>Suplentes:<br><\/strong>Jair Cardoso de Oliveira<br>Rosangela da Luz Benetti<\/p>\n\n\n\n<p><strong>Assessores Jur\u00eddicos:<br><\/strong>Paulo Ricardo Zanchi Bittencourt<br>Kerlin Berti dos Santos<\/p>\n","protected":false},"excerpt":{"rendered":"<p>DIRETORIA ATUAL Presidente: Isa\u00edas da SilvaVice-Presidente: Felipe Ballejo dos ReisSecret\u00e1rio: Marlise Teresinha Seibert PauliVice Secret\u00e1rio: Lucia da Silva ZuanazziTesoureiro: Claudiomiro DinizVice Tesoureiro: No\u00eamia Mendes da Silva Conselho Fiscal:Membros titulares: Adilson Jac\u00f3 PauliLucas Souza dos SantosHerberto Walter dos Santos Suplentes:Jair Cardoso de OliveiraRosangela da Luz Benetti Assessores Jur\u00eddicos:Paulo Ricardo Zanchi BittencourtKerlin Berti dos Santos<\/p>\n","protected":false},"author":1,"featured_media":0,"parent":0,"menu_order":0,"comment_status":"closed","ping_status":"closed","template":"","meta":{"footnotes":""},"class_list":["post-153","page","type-page","status-publish","hentry"],"rttpg_featured_image_url":null,"rttpg_author":{"display_name":"larbom","author_link":"https:\/\/larbomabrigo.org\/wfe\/author\/larbom\/"},"rttpg_comment":0,"rttpg_category":null,"rttpg_excerpt":"DIRETORIA ATUAL Presidente: Isa\u00edas da SilvaVice-Presidente: Felipe Ballejo dos ReisSecret\u00e1rio: Marlise Teresinha Seibert PauliVice Secret\u00e1rio: Lucia da Silva ZuanazziTesoureiro: Claudiomiro DinizVice Tesoureiro: No\u00eamia Mendes da Silva Conselho Fiscal:Membros titulares: Adilson Jac\u00f3 PauliLucas Souza dos SantosHerberto Walter dos Santos Suplentes:Jair Cardoso de OliveiraRosangela da Luz Benetti Assessores Jur\u00eddicos:Paulo Ricardo Zanchi BittencourtKerlin Berti dos Santos","_links":{"self":[{"href":"https:\/\/larbomabrigo.org\/wfe\/wp-json\/wp\/v2\/pages\/153","targetHints":{"allow":["GET"]}}],"collection":[{"href":"https:\/\/larbomabrigo.org\/wfe\/wp-json\/wp\/v2\/pages"}],"about":[{"href":"https:\/\/larbomabrigo.org\/wfe\/wp-json\/wp\/v2\/types\/page"}],"author":[{"embeddable":true,"href":"https:\/\/larbomabrigo.org\/wfe\/wp-json\/wp\/v2\/users\/1"}],"replies":[{"embeddable":true,"href":"https:\/\/larbomabrigo.org\/wfe\/wp-json\/wp\/v2\/comments?post=153"}],"version-history":[{"count":5,"href":"https:\/\/larbomabrigo.org\/wfe\/wp-json\/wp\/v2\/pages\/153\/revisions"}],"predecessor-version":[{"id":349,"href":"https:\/\/larbomabrigo.org\/wfe\/wp-json\/wp\/v2\/pages\/153\/revisions\/349"}],"wp:attachment":[{"href":"https:\/\/larbomabrigo.org\/wfe\/wp-json\/wp\/v2\/media?parent=153"}],"curies":[{"name":"wp","href":"https:\/\/api.w.org\/{rel}","templated":true}]}}